{"id":103808,"date":"2024-11-13T17:07:31","date_gmt":"2024-11-13T17:07:31","guid":{"rendered":"https:\/\/xerxes.com\/?page_id=103808"},"modified":"2024-11-13T17:09:58","modified_gmt":"2024-11-13T17:09:58","slug":"reservoirs-deaux-usees-industrielles","status":"publish","type":"page","link":"https:\/\/xerxes.com\/fr\/reservoirs-deaux-usees-industrielles\/","title":{"rendered":"R\u00e9servoirs d\u2019eaux us\u00e9es industrielles"},"content":{"rendered":"\t\t<div data-elementor-type=\"wp-page\" data-elementor-id=\"103808\" class=\"elementor elementor-103808 elementor-1758\" data-elementor-post-type=\"page\">\n\t\t\t\t\t\t<section class=\"elementor-section elementor-top-section elementor-element elementor-element-1235ade1 elementor-reverse-mobile elementor-section-boxed elementor-section-height-default elementor-section-height-default wpr-particle-no wpr-jarallax-no wpr-parallax-no wpr-sticky-section-no\" data-id=\"1235ade1\" data-element_type=\"section\" data-e-type=\"section\">\n\t\t\t\t\t\t<div class=\"elementor-container elementor-column-gap-default\">\n\t\t\t\t\t<div class=\"elementor-column elementor-col-50 elementor-top-column elementor-element elementor-element-14498ffd\" data-id=\"14498ffd\" data-element_type=\"column\" data-e-type=\"column\">\n\t\t\t<div class=\"elementor-widget-wrap elementor-element-populated\">\n\t\t\t\t\t\t<div class=\"elementor-element elementor-element-12cdaa86 br-radius-30 elementor-widget elementor-widget-image\" data-id=\"12cdaa86\" data-element_type=\"widget\" data-e-type=\"widget\" data-widget_type=\"image.default\">\n\t\t\t\t<div class=\"elementor-widget-container\">\n\t\t\t\t\t\t\t\t\t\t\t\t\t\t\t<img loading=\"lazy\" decoding=\"async\" width=\"980\" height=\"980\" src=\"https:\/\/xerxes.com\/wp-content\/uploads\/2023\/05\/sq-cleaning-1024x1024.jpg\" class=\"attachment-large size-large wp-image-2464\" alt=\"hosing down machine\" srcset=\"https:\/\/xerxes.com\/wp-content\/uploads\/2023\/05\/sq-cleaning-1024x1024.jpg 1024w, https:\/\/xerxes.com\/wp-content\/uploads\/2023\/05\/sq-cleaning-300x300.jpg 300w, https:\/\/xerxes.com\/wp-content\/uploads\/2023\/05\/sq-cleaning-150x150.jpg 150w, https:\/\/xerxes.com\/wp-content\/uploads\/2023\/05\/sq-cleaning-768x768.jpg 768w, https:\/\/xerxes.com\/wp-content\/uploads\/2023\/05\/sq-cleaning-324x324.jpg 324w, https:\/\/xerxes.com\/wp-content\/uploads\/2023\/05\/sq-cleaning-416x416.jpg 416w, https:\/\/xerxes.com\/wp-content\/uploads\/2023\/05\/sq-cleaning-100x100.jpg 100w, https:\/\/xerxes.com\/wp-content\/uploads\/2023\/05\/sq-cleaning.jpg 1200w\" sizes=\"auto, (max-width: 980px) 100vw, 980px\" \/>\t\t\t\t\t\t\t\t\t\t\t\t\t\t\t<\/div>\n\t\t\t\t<\/div>\n\t\t\t\t\t<\/div>\n\t\t<\/div>\n\t\t\t\t<div class=\"elementor-column elementor-col-50 elementor-top-column elementor-element elementor-element-20f26f5d\" data-id=\"20f26f5d\" data-element_type=\"column\" data-e-type=\"column\">\n\t\t\t<div class=\"elementor-widget-wrap elementor-element-populated\">\n\t\t\t\t\t\t<div class=\"elementor-element elementor-element-437b2633 elementor-widget elementor-widget-heading\" data-id=\"437b2633\" data-element_type=\"widget\" data-e-type=\"widget\" data-widget_type=\"heading.default\">\n\t\t\t\t<div class=\"elementor-widget-container\">\n\t\t\t\t\t<h2 class=\"elementor-heading-title elementor-size-default\">Le stockage s\u00fbr des contaminants, une mesure indispensable de protection des eaux<\/h2>\t\t\t\t<\/div>\n\t\t\t\t<\/div>\n\t\t\t\t<div class=\"elementor-element elementor-element-5d703c30 elementor-widget elementor-widget-text-editor\" data-id=\"5d703c30\" data-element_type=\"widget\" data-e-type=\"widget\" data-widget_type=\"text-editor.default\">\n\t\t\t\t<div class=\"elementor-widget-container\">\n\t\t\t\t\t\t\t\t\t<p>Vu le besoin croissant de prot\u00e9ger nos ressources et nos syst\u00e8mes hydriques, les organismes de r\u00e8glementation exigent de plus en plus que les entreprises et les industries de tous types emp\u00eachent les polluants et les contaminants de s\u2019infiltrer dans l\u2019eau souterraine, les plans d\u2019eau et les r\u00e9seaux d\u2019eaux us\u00e9es. Nos r\u00e9servoirs en fibre de verre \u00e9tanches et r\u00e9sistants \u00e0 la corrosion sont id\u00e9aux pour les eaux de lavage des usines, les d\u00e9versements d\u2019urgence et le ruissellement du lixiviat. Nos r\u00e9servoirs \u00e0 simple et \u00e0 double paroi recueillent les mati\u00e8res dangereuses avant qu\u2019elles soient retir\u00e9es d\u2019un site ou trait\u00e9es pour \u00eatre r\u00e9utilis\u00e9es. Qui plus est, nos r\u00e9servoirs \u00e0 double paroi peuvent \u00eatre munis d\u2019un dispositif de surveillance de l\u2019espace interstitiel pour une meilleure protection. <\/p>\t\t\t\t\t\t\t\t<\/div>\n\t\t\t\t<\/div>\n\t\t\t\t\t<\/div>\n\t\t<\/div>\n\t\t\t\t\t<\/div>\n\t\t<\/section>\n\t\t<div class=\"elementor-element elementor-element-5ca12c60 e-flex e-con-boxed wpr-particle-no wpr-jarallax-no wpr-parallax-no wpr-sticky-section-no e-con e-parent\" data-id=\"5ca12c60\" data-element_type=\"container\" data-e-type=\"container\">\n\t\t\t\t\t<div class=\"e-con-inner\">\n\t\t<div class=\"elementor-element elementor-element-10537bce e-con-full e-flex wpr-particle-no wpr-jarallax-no wpr-parallax-no wpr-sticky-section-no e-con e-child\" data-id=\"10537bce\" data-element_type=\"container\" data-e-type=\"container\">\n\t\t\t\t<div class=\"elementor-element elementor-element-7ce02f59 elementor-widget elementor-widget-heading\" data-id=\"7ce02f59\" data-element_type=\"widget\" data-e-type=\"widget\" data-widget_type=\"heading.default\">\n\t\t\t\t<div class=\"elementor-widget-container\">\n\t\t\t\t\t<h2 class=\"elementor-heading-title elementor-size-default\">Id\u00e9al pour les eaux pluviales et de lavage contamin\u00e9es<\/h2>\t\t\t\t<\/div>\n\t\t\t\t<\/div>\n\t\t\t\t<div class=\"elementor-element elementor-element-2f117cdb elementor-widget elementor-widget-text-editor\" data-id=\"2f117cdb\" data-element_type=\"widget\" data-e-type=\"widget\" data-widget_type=\"text-editor.default\">\n\t\t\t\t<div class=\"elementor-widget-container\">\n\t\t\t\t\t\t\t\t\t<p>Dans cette gamme de produits, nos ing\u00e9nieurs con\u00e7oivent et fabriquent des r\u00e9servoirs qui recueillent l\u2019eau d\u2019extinction contamin\u00e9e par des substances chimiques et le ruissellement des agents formant un film flottant (AFFF). Xerxes fournit \u00e9galement des r\u00e9servoirs de d\u00e9contamination pour les centres m\u00e9dicaux, les laboratoires et les installations de fabrication. Ces r\u00e9servoirs collectent les eaux utilis\u00e9es pour retirer les contaminants biologiques et chimiques de l\u2019\u00e9quipement, du personnel, des v\u00eatements et des surfaces. <\/p>\t\t\t\t\t\t\t\t<\/div>\n\t\t\t\t<\/div>\n\t\t\t\t<\/div>\n\t\t<div class=\"elementor-element elementor-element-4a922ed5 e-con-full e-flex wpr-particle-no wpr-jarallax-no wpr-parallax-no wpr-sticky-section-no e-con e-child\" data-id=\"4a922ed5\" data-element_type=\"container\" data-e-type=\"container\">\n\t\t\t\t<div class=\"elementor-element elementor-element-46d4044f elementor-widget elementor-widget-heading\" data-id=\"46d4044f\" data-element_type=\"widget\" data-e-type=\"widget\" data-widget_type=\"heading.default\">\n\t\t\t\t<div class=\"elementor-widget-container\">\n\t\t\t\t\t<h2 class=\"elementor-heading-title elementor-size-default\">Pourquoi choisir un r\u00e9servoir d\u2019eaux us\u00e9es industrielles de Xerxes?<\/h2>\t\t\t\t<\/div>\n\t\t\t\t<\/div>\n\t\t\t\t<div class=\"elementor-element elementor-element-678da19c elementor-widget elementor-widget-text-editor\" data-id=\"678da19c\" data-element_type=\"widget\" data-e-type=\"widget\" data-widget_type=\"text-editor.default\">\n\t\t\t\t<div class=\"elementor-widget-container\">\n\t\t\t\t\t\t\t\t\t<ul>\n<li>Capacit\u00e9 : jusqu\u2019\u00e0 227 000 litres<\/li>\n<li>Jusqu\u2019\u00e0 3,7 m de diam\u00e8tre (12 pieds)<\/li>\n<li>Con\u00e7u pour supporter les charges par essieu H-25\/HS-25<\/li>\n<li>Accessoires standards et personnalis\u00e9s<\/li>\n<li>Facilit\u00e9 d\u2019exp\u00e9dition, d\u2019installation et d\u2019entretien<\/li>\n<\/ul>\n\t\t\t\t\t\t\t\t<\/div>\n\t\t\t\t<\/div>\n\t\t\t\t<\/div>\n\t\t\t\t\t<\/div>\n\t\t\t\t<\/div>\n\t\t\t\t<\/div>\n\t\t","protected":false},"excerpt":{"rendered":"<p>Le stockage s\u00fbr des contaminants, une mesure indispensable de protection des eaux Vu le besoin croissant de prot\u00e9ger nos ressources et nos syst\u00e8mes hydriques, les organismes de r\u00e8glementation exigent de plus en plus que les entreprises et les industries de tous types emp\u00eachent les polluants et les contaminants de s\u2019infiltrer dans l\u2019eau souterraine, les plans d\u2019eau et les r\u00e9seaux d\u2019eaux us\u00e9es. Nos r\u00e9servoirs en fibre de verre \u00e9tanches et r\u00e9sistants \u00e0 la corrosion sont id\u00e9aux pour les eaux de lavage des usines, les d\u00e9versements d\u2019urgence et le ruissellement du lixiviat. Nos r\u00e9servoirs \u00e0 simple et \u00e0 double paroi recueillent les mati\u00e8res dangereuses avant qu\u2019elles soient retir\u00e9es d\u2019un site ou trait\u00e9es pour \u00eatre r\u00e9utilis\u00e9es. Qui plus est, nos r\u00e9servoirs \u00e0 double paroi peuvent \u00eatre munis d\u2019un dispositif de surveillance de l\u2019espace interstitiel pour une meilleure protection. Id\u00e9al pour les eaux pluviales et de lavage contamin\u00e9es Dans cette gamme de produits, nos ing\u00e9nieurs con\u00e7oivent et fabriquent des r\u00e9servoirs qui recueillent l\u2019eau d\u2019extinction contamin\u00e9e par des substances chimiques et le ruissellement des agents formant un film flottant (AFFF). Xerxes fournit \u00e9galement des r\u00e9servoirs de d\u00e9contamination pour les centres m\u00e9dicaux, les laboratoires et les installations de fabrication. Ces r\u00e9servoirs collectent les eaux utilis\u00e9es pour retirer les contaminants biologiques et chimiques de l\u2019\u00e9quipement, du personnel, des v\u00eatements et des surfaces. Pourquoi choisir un r\u00e9servoir d\u2019eaux us\u00e9es industrielles de Xerxes? Capacit\u00e9 : jusqu\u2019\u00e0 227 000 litres Jusqu\u2019\u00e0 3,7 m de diam\u00e8tre (12 pieds) Con\u00e7u pour supporter les charges par essieu H-25\/HS-25 Accessoires standards et personnalis\u00e9s Facilit\u00e9 d\u2019exp\u00e9dition, d\u2019installation et d\u2019entretien<\/p>\n","protected":false},"author":2,"featured_media":109177,"parent":0,"menu_order":0,"comment_status":"closed","ping_status":"closed","template":"","meta":{"_acf_changed":false,"pmpro_default_level":"","footnotes":""},"class_list":["post-103808","page","type-page","status-publish","has-post-thumbnail","hentry","pmpro-has-access"],"acf":[],"yoast_head":"<!-- This site is optimized with the Yoast SEO plugin v27.2 - https:\/\/yoast.com\/product\/yoast-seo-wordpress\/ -->\n<title>R\u00e9servoirs d\u2019eaux us\u00e9es industrielles - Xerxes Storage Tanks and Stormwater Solutions<\/title>\n<meta name=\"robots\" content=\"index, follow, max-snippet:-1, max-image-preview:large, max-video-preview:-1\" \/>\n<link rel=\"canonical\" href=\"https:\/\/xerxes.com\/fr\/reservoirs-deaux-usees-industrielles\/\" \/>\n<meta property=\"og:locale\" content=\"fr_FR\" \/>\n<meta property=\"og:type\" content=\"article\" \/>\n<meta property=\"og:title\" content=\"R\u00e9servoirs d\u2019eaux us\u00e9es industrielles - Xerxes Storage Tanks and Stormwater Solutions\" \/>\n<meta property=\"og:description\" content=\"Le stockage s\u00fbr des contaminants, une mesure indispensable de protection des eaux Vu le besoin croissant de prot\u00e9ger nos ressources et nos syst\u00e8mes hydriques, les organismes de r\u00e8glementation exigent de plus en plus que les entreprises et les industries de tous types emp\u00eachent les polluants et les contaminants de s\u2019infiltrer dans l\u2019eau souterraine, les plans d\u2019eau et les r\u00e9seaux d\u2019eaux us\u00e9es. Nos r\u00e9servoirs en fibre de verre \u00e9tanches et r\u00e9sistants \u00e0 la corrosion sont id\u00e9aux pour les eaux de lavage des usines, les d\u00e9versements d\u2019urgence et le ruissellement du lixiviat. Nos r\u00e9servoirs \u00e0 simple et \u00e0 double paroi recueillent les mati\u00e8res dangereuses avant qu\u2019elles soient retir\u00e9es d\u2019un site ou trait\u00e9es pour \u00eatre r\u00e9utilis\u00e9es. Qui plus est, nos r\u00e9servoirs \u00e0 double paroi peuvent \u00eatre munis d\u2019un dispositif de surveillance de l\u2019espace interstitiel pour une meilleure protection. Id\u00e9al pour les eaux pluviales et de lavage contamin\u00e9es Dans cette gamme de produits, nos ing\u00e9nieurs con\u00e7oivent et fabriquent des r\u00e9servoirs qui recueillent l\u2019eau d\u2019extinction contamin\u00e9e par des substances chimiques et le ruissellement des agents formant un film flottant (AFFF). Xerxes fournit \u00e9galement des r\u00e9servoirs de d\u00e9contamination pour les centres m\u00e9dicaux, les laboratoires et les installations de fabrication. Ces r\u00e9servoirs collectent les eaux utilis\u00e9es pour retirer les contaminants biologiques et chimiques de l\u2019\u00e9quipement, du personnel, des v\u00eatements et des surfaces. Pourquoi choisir un r\u00e9servoir d\u2019eaux us\u00e9es industrielles de Xerxes? Capacit\u00e9 : jusqu\u2019\u00e0 227 000 litres Jusqu\u2019\u00e0 3,7 m de diam\u00e8tre (12 pieds) Con\u00e7u pour supporter les charges par essieu H-25\/HS-25 Accessoires standards et personnalis\u00e9s Facilit\u00e9 d\u2019exp\u00e9dition, d\u2019installation et d\u2019entretien\" \/>\n<meta property=\"og:url\" content=\"https:\/\/xerxes.com\/fr\/reservoirs-deaux-usees-industrielles\/\" \/>\n<meta property=\"og:site_name\" content=\"Xerxes Storage Tanks and Stormwater Solutions\" \/>\n<meta property=\"article:modified_time\" content=\"2024-11-13T17:09:58+00:00\" \/>\n<meta property=\"og:image\" content=\"https:\/\/xerxes.com\/wp-content\/uploads\/2023\/05\/Wastewater-tanks-scaled.jpg\" \/>\n\t<meta property=\"og:image:width\" content=\"2560\" \/>\n\t<meta property=\"og:image:height\" content=\"1707\" \/>\n\t<meta property=\"og:image:type\" content=\"image\/jpeg\" \/>\n<meta name=\"twitter:card\" content=\"summary_large_image\" \/>\n<meta name=\"twitter:label1\" content=\"Dur\u00e9e de lecture estim\u00e9e\" \/>\n\t<meta name=\"twitter:data1\" content=\"2 minutes\" \/>\n<script type=\"application\/ld+json\" class=\"yoast-schema-graph\">{\"@context\":\"https:\/\/schema.org\",\"@graph\":[{\"@type\":\"WebPage\",\"@id\":\"https:\/\/xerxes.com\/fr\/reservoirs-deaux-usees-industrielles\/\",\"url\":\"https:\/\/xerxes.com\/fr\/reservoirs-deaux-usees-industrielles\/\",\"name\":\"R\u00e9servoirs d\u2019eaux us\u00e9es industrielles - Xerxes Storage Tanks and Stormwater Solutions\",\"isPartOf\":{\"@id\":\"https:\/\/xerxes.com\/#website\"},\"primaryImageOfPage\":{\"@id\":\"https:\/\/xerxes.com\/fr\/reservoirs-deaux-usees-industrielles\/#primaryimage\"},\"image\":{\"@id\":\"https:\/\/xerxes.com\/fr\/reservoirs-deaux-usees-industrielles\/#primaryimage\"},\"thumbnailUrl\":\"https:\/\/xerxes.com\/wp-content\/uploads\/2026\/02\/Wastewater-tanks-banner.jpg\",\"datePublished\":\"2024-11-13T17:07:31+00:00\",\"dateModified\":\"2024-11-13T17:09:58+00:00\",\"breadcrumb\":{\"@id\":\"https:\/\/xerxes.com\/fr\/reservoirs-deaux-usees-industrielles\/#breadcrumb\"},\"inLanguage\":\"fr-FR\",\"potentialAction\":[{\"@type\":\"ReadAction\",\"target\":[\"https:\/\/xerxes.com\/fr\/reservoirs-deaux-usees-industrielles\/\"]}]},{\"@type\":\"ImageObject\",\"inLanguage\":\"fr-FR\",\"@id\":\"https:\/\/xerxes.com\/fr\/reservoirs-deaux-usees-industrielles\/#primaryimage\",\"url\":\"https:\/\/xerxes.com\/wp-content\/uploads\/2026\/02\/Wastewater-tanks-banner.jpg\",\"contentUrl\":\"https:\/\/xerxes.com\/wp-content\/uploads\/2026\/02\/Wastewater-tanks-banner.jpg\",\"width\":1920,\"height\":450},{\"@type\":\"BreadcrumbList\",\"@id\":\"https:\/\/xerxes.com\/fr\/reservoirs-deaux-usees-industrielles\/#breadcrumb\",\"itemListElement\":[{\"@type\":\"ListItem\",\"position\":1,\"name\":\"Home\",\"item\":\"https:\/\/xerxes.com\/\"},{\"@type\":\"ListItem\",\"position\":2,\"name\":\"R\u00e9servoirs d\u2019eaux us\u00e9es industrielles\"}]},{\"@type\":\"WebSite\",\"@id\":\"https:\/\/xerxes.com\/#website\",\"url\":\"https:\/\/xerxes.com\/\",\"name\":\"Xerxes Storage Tanks and Stormwater Solutions\",\"description\":\"Xerxes provides fiberglass underground storage tanks to customers ranging from major oil companies to international convenience store chains, from medical centers to educational facilities, from airports to national parks.\",\"potentialAction\":[{\"@type\":\"SearchAction\",\"target\":{\"@type\":\"EntryPoint\",\"urlTemplate\":\"https:\/\/xerxes.com\/?s={search_term_string}\"},\"query-input\":{\"@type\":\"PropertyValueSpecification\",\"valueRequired\":true,\"valueName\":\"search_term_string\"}}],\"inLanguage\":\"fr-FR\"}]}<\/script>\n<!-- \/ Yoast SEO plugin. -->","yoast_head_json":{"title":"R\u00e9servoirs d\u2019eaux us\u00e9es industrielles - Xerxes Storage Tanks and Stormwater Solutions","robots":{"index":"index","follow":"follow","max-snippet":"max-snippet:-1","max-image-preview":"max-image-preview:large","max-video-preview":"max-video-preview:-1"},"canonical":"https:\/\/xerxes.com\/fr\/reservoirs-deaux-usees-industrielles\/","og_locale":"fr_FR","og_type":"article","og_title":"R\u00e9servoirs d\u2019eaux us\u00e9es industrielles - Xerxes Storage Tanks and Stormwater Solutions","og_description":"Le stockage s\u00fbr des contaminants, une mesure indispensable de protection des eaux Vu le besoin croissant de prot\u00e9ger nos ressources et nos syst\u00e8mes hydriques, les organismes de r\u00e8glementation exigent de plus en plus que les entreprises et les industries de tous types emp\u00eachent les polluants et les contaminants de s\u2019infiltrer dans l\u2019eau souterraine, les plans d\u2019eau et les r\u00e9seaux d\u2019eaux us\u00e9es. Nos r\u00e9servoirs en fibre de verre \u00e9tanches et r\u00e9sistants \u00e0 la corrosion sont id\u00e9aux pour les eaux de lavage des usines, les d\u00e9versements d\u2019urgence et le ruissellement du lixiviat. Nos r\u00e9servoirs \u00e0 simple et \u00e0 double paroi recueillent les mati\u00e8res dangereuses avant qu\u2019elles soient retir\u00e9es d\u2019un site ou trait\u00e9es pour \u00eatre r\u00e9utilis\u00e9es. Qui plus est, nos r\u00e9servoirs \u00e0 double paroi peuvent \u00eatre munis d\u2019un dispositif de surveillance de l\u2019espace interstitiel pour une meilleure protection. Id\u00e9al pour les eaux pluviales et de lavage contamin\u00e9es Dans cette gamme de produits, nos ing\u00e9nieurs con\u00e7oivent et fabriquent des r\u00e9servoirs qui recueillent l\u2019eau d\u2019extinction contamin\u00e9e par des substances chimiques et le ruissellement des agents formant un film flottant (AFFF). Xerxes fournit \u00e9galement des r\u00e9servoirs de d\u00e9contamination pour les centres m\u00e9dicaux, les laboratoires et les installations de fabrication. Ces r\u00e9servoirs collectent les eaux utilis\u00e9es pour retirer les contaminants biologiques et chimiques de l\u2019\u00e9quipement, du personnel, des v\u00eatements et des surfaces. Pourquoi choisir un r\u00e9servoir d\u2019eaux us\u00e9es industrielles de Xerxes? Capacit\u00e9 : jusqu\u2019\u00e0 227 000 litres Jusqu\u2019\u00e0 3,7 m de diam\u00e8tre (12 pieds) Con\u00e7u pour supporter les charges par essieu H-25\/HS-25 Accessoires standards et personnalis\u00e9s Facilit\u00e9 d\u2019exp\u00e9dition, d\u2019installation et d\u2019entretien","og_url":"https:\/\/xerxes.com\/fr\/reservoirs-deaux-usees-industrielles\/","og_site_name":"Xerxes Storage Tanks and Stormwater Solutions","article_modified_time":"2024-11-13T17:09:58+00:00","og_image":[{"width":2560,"height":1707,"url":"https:\/\/xerxes.com\/wp-content\/uploads\/2023\/05\/Wastewater-tanks-scaled.jpg","type":"image\/jpeg"}],"twitter_card":"summary_large_image","twitter_misc":{"Dur\u00e9e de lecture estim\u00e9e":"2 minutes"},"schema":{"@context":"https:\/\/schema.org","@graph":[{"@type":"WebPage","@id":"https:\/\/xerxes.com\/fr\/reservoirs-deaux-usees-industrielles\/","url":"https:\/\/xerxes.com\/fr\/reservoirs-deaux-usees-industrielles\/","name":"R\u00e9servoirs d\u2019eaux us\u00e9es industrielles - Xerxes Storage Tanks and Stormwater Solutions","isPartOf":{"@id":"https:\/\/xerxes.com\/#website"},"primaryImageOfPage":{"@id":"https:\/\/xerxes.com\/fr\/reservoirs-deaux-usees-industrielles\/#primaryimage"},"image":{"@id":"https:\/\/xerxes.com\/fr\/reservoirs-deaux-usees-industrielles\/#primaryimage"},"thumbnailUrl":"https:\/\/xerxes.com\/wp-content\/uploads\/2026\/02\/Wastewater-tanks-banner.jpg","datePublished":"2024-11-13T17:07:31+00:00","dateModified":"2024-11-13T17:09:58+00:00","breadcrumb":{"@id":"https:\/\/xerxes.com\/fr\/reservoirs-deaux-usees-industrielles\/#breadcrumb"},"inLanguage":"fr-FR","potentialAction":[{"@type":"ReadAction","target":["https:\/\/xerxes.com\/fr\/reservoirs-deaux-usees-industrielles\/"]}]},{"@type":"ImageObject","inLanguage":"fr-FR","@id":"https:\/\/xerxes.com\/fr\/reservoirs-deaux-usees-industrielles\/#primaryimage","url":"https:\/\/xerxes.com\/wp-content\/uploads\/2026\/02\/Wastewater-tanks-banner.jpg","contentUrl":"https:\/\/xerxes.com\/wp-content\/uploads\/2026\/02\/Wastewater-tanks-banner.jpg","width":1920,"height":450},{"@type":"BreadcrumbList","@id":"https:\/\/xerxes.com\/fr\/reservoirs-deaux-usees-industrielles\/#breadcrumb","itemListElement":[{"@type":"ListItem","position":1,"name":"Home","item":"https:\/\/xerxes.com\/"},{"@type":"ListItem","position":2,"name":"R\u00e9servoirs d\u2019eaux us\u00e9es industrielles"}]},{"@type":"WebSite","@id":"https:\/\/xerxes.com\/#website","url":"https:\/\/xerxes.com\/","name":"Xerxes Storage Tanks and Stormwater Solutions","description":"Xerxes provides fiberglass underground storage tanks to customers ranging from major oil companies to international convenience store chains, from medical centers to educational facilities, from airports to national parks.","potentialAction":[{"@type":"SearchAction","target":{"@type":"EntryPoint","urlTemplate":"https:\/\/xerxes.com\/?s={search_term_string}"},"query-input":{"@type":"PropertyValueSpecification","valueRequired":true,"valueName":"search_term_string"}}],"inLanguage":"fr-FR"}]}},"_links":{"self":[{"href":"https:\/\/xerxes.com\/fr\/wp-json\/wp\/v2\/pages\/103808","targetHints":{"allow":["GET"]}}],"collection":[{"href":"https:\/\/xerxes.com\/fr\/wp-json\/wp\/v2\/pages"}],"about":[{"href":"https:\/\/xerxes.com\/fr\/wp-json\/wp\/v2\/types\/page"}],"author":[{"embeddable":true,"href":"https:\/\/xerxes.com\/fr\/wp-json\/wp\/v2\/users\/2"}],"replies":[{"embeddable":true,"href":"https:\/\/xerxes.com\/fr\/wp-json\/wp\/v2\/comments?post=103808"}],"version-history":[{"count":3,"href":"https:\/\/xerxes.com\/fr\/wp-json\/wp\/v2\/pages\/103808\/revisions"}],"predecessor-version":[{"id":103813,"href":"https:\/\/xerxes.com\/fr\/wp-json\/wp\/v2\/pages\/103808\/revisions\/103813"}],"wp:featuredmedia":[{"embeddable":true,"href":"https:\/\/xerxes.com\/fr\/wp-json\/wp\/v2\/media\/109177"}],"wp:attachment":[{"href":"https:\/\/xerxes.com\/fr\/wp-json\/wp\/v2\/media?parent=103808"}],"curies":[{"name":"wp","href":"https:\/\/api.w.org\/{rel}","templated":true}]}}