{"id":103740,"date":"2024-11-12T18:42:52","date_gmt":"2024-11-12T18:42:52","guid":{"rendered":"https:\/\/xerxes.com\/?page_id=103740"},"modified":"2024-11-12T18:45:38","modified_gmt":"2024-11-12T18:45:38","slug":"systemes-dancrage","status":"publish","type":"page","link":"https:\/\/xerxes.com\/fr\/systemes-dancrage\/","title":{"rendered":"Syst\u00e8mes d\u2019ancrage"},"content":{"rendered":"\t\t<div data-elementor-type=\"wp-page\" data-elementor-id=\"103740\" class=\"elementor elementor-103740 elementor-1722\" data-elementor-post-type=\"page\">\n\t\t\t\t\t\t<section class=\"elementor-section elementor-top-section elementor-element elementor-element-4e067c21 elementor-reverse-mobile elementor-section-boxed elementor-section-height-default elementor-section-height-default wpr-particle-no wpr-jarallax-no wpr-parallax-no wpr-sticky-section-no\" data-id=\"4e067c21\" data-element_type=\"section\" data-e-type=\"section\">\n\t\t\t\t\t\t<div class=\"elementor-container elementor-column-gap-default\">\n\t\t\t\t\t<div class=\"elementor-column elementor-col-50 elementor-top-column elementor-element elementor-element-30deeef5\" data-id=\"30deeef5\" data-element_type=\"column\" data-e-type=\"column\">\n\t\t\t<div class=\"elementor-widget-wrap elementor-element-populated\">\n\t\t\t\t\t\t<div class=\"elementor-element elementor-element-1667f062 br-radius-30 elementor-widget elementor-widget-image\" data-id=\"1667f062\" data-element_type=\"widget\" data-e-type=\"widget\" data-widget_type=\"image.default\">\n\t\t\t\t<div class=\"elementor-widget-container\">\n\t\t\t\t\t\t\t\t\t\t\t\t\t\t\t<img loading=\"lazy\" decoding=\"async\" width=\"327\" height=\"309\" src=\"https:\/\/xerxes.com\/wp-content\/uploads\/2023\/09\/MicrosoftTeams-image.png\" class=\"attachment-large size-large wp-image-101678\" alt=\"\" srcset=\"https:\/\/xerxes.com\/wp-content\/uploads\/2023\/09\/MicrosoftTeams-image.png 327w, https:\/\/xerxes.com\/wp-content\/uploads\/2023\/09\/MicrosoftTeams-image-300x283.png 300w\" sizes=\"auto, (max-width: 327px) 100vw, 327px\" \/>\t\t\t\t\t\t\t\t\t\t\t\t\t\t\t<\/div>\n\t\t\t\t<\/div>\n\t\t\t\t\t<\/div>\n\t\t<\/div>\n\t\t\t\t<div class=\"elementor-column elementor-col-50 elementor-top-column elementor-element elementor-element-677a5cb3\" data-id=\"677a5cb3\" data-element_type=\"column\" data-e-type=\"column\">\n\t\t\t<div class=\"elementor-widget-wrap elementor-element-populated\">\n\t\t\t\t\t\t<div class=\"elementor-element elementor-element-a887e48 elementor-widget elementor-widget-heading\" data-id=\"a887e48\" data-element_type=\"widget\" data-e-type=\"widget\" data-widget_type=\"heading.default\">\n\t\t\t\t<div class=\"elementor-widget-container\">\n\t\t\t\t\t<h2 class=\"elementor-heading-title elementor-size-default\">Les syst\u00e8mes d\u2019ancrage augmentent la stabilit\u00e9 \u00e0 long terme d\u2019un r\u00e9servoir<\/h2>\t\t\t\t<\/div>\n\t\t\t\t<\/div>\n\t\t\t\t<div class=\"elementor-element elementor-element-5e34b6a3 elementor-widget elementor-widget-text-editor\" data-id=\"5e34b6a3\" data-element_type=\"widget\" data-e-type=\"widget\" data-widget_type=\"text-editor.default\">\n\t\t\t\t<div class=\"elementor-widget-container\">\n\t\t\t\t\t\t\t\t\t<p>Dans les lieux d\u2019installation contenant de l\u2019eau ou une nappe phr\u00e9atique \u00e9lev\u00e9e, le syst\u00e8me d\u2019ancrage \u00e0 la fine pointe de la technologie de Xerxes permet aux clients de fixer de mani\u00e8re fiable et durable leurs r\u00e9servoirs de carburant. M\u00eame si les conditions du site ne l\u2019exigent pas, de nombreux propri\u00e9taires et installateurs utilisent notre syst\u00e8me pour profiter d\u2019une s\u00e9curit\u00e9 maximale. Les composants d\u2019ancrage mal con\u00e7us, fabriqu\u00e9s ou ajust\u00e9s peuvent compromettre la s\u00e9curit\u00e9 \u00e0 long terme d\u2019une installation.<\/p>\t\t\t\t\t\t\t\t<\/div>\n\t\t\t\t<\/div>\n\t\t\t\t\t<\/div>\n\t\t<\/div>\n\t\t\t\t\t<\/div>\n\t\t<\/section>\n\t\t<div class=\"elementor-element elementor-element-64aa0ec4 e-flex e-con-boxed wpr-particle-no wpr-jarallax-no wpr-parallax-no wpr-sticky-section-no e-con e-parent\" data-id=\"64aa0ec4\" data-element_type=\"container\" data-e-type=\"container\">\n\t\t\t\t\t<div class=\"e-con-inner\">\n\t\t<div class=\"elementor-element elementor-element-22b5a73a e-con-full e-flex wpr-particle-no wpr-jarallax-no wpr-parallax-no wpr-sticky-section-no e-con e-child\" data-id=\"22b5a73a\" data-element_type=\"container\" data-e-type=\"container\">\n\t\t\t\t<div class=\"elementor-element elementor-element-397b531 elementor-widget elementor-widget-heading\" data-id=\"397b531\" data-element_type=\"widget\" data-e-type=\"widget\" data-widget_type=\"heading.default\">\n\t\t\t\t<div class=\"elementor-widget-container\">\n\t\t\t\t\t<h2 class=\"elementor-heading-title elementor-size-default\">\u00c9conomiser d\u00e8s l\u2019exp\u00e9dition et tout au long du cycle de vie du r\u00e9servoir<\/h2>\t\t\t\t<\/div>\n\t\t\t\t<\/div>\n\t\t\t\t<div class=\"elementor-element elementor-element-6273ade9 elementor-widget elementor-widget-text-editor\" data-id=\"6273ade9\" data-element_type=\"widget\" data-e-type=\"widget\" data-widget_type=\"text-editor.default\">\n\t\t\t\t<div class=\"elementor-widget-container\">\n\t\t\t\t\t\t\t\t\t<p>Les corps-morts pr\u00e9fabriqu\u00e9s sont plus rentables qu\u2019une dalle de b\u00e9ton. De plus, les syst\u00e8mes d\u2019ancrage permettent d\u2019\u00e9conomiser sur les co\u00fbts d\u2019\u00e9nergie et de transport \u00e9tant donn\u00e9 qu\u2019ils peuvent \u00eatre exp\u00e9di\u00e9s dans le m\u00eame camion que le r\u00e9servoir. Cette fa\u00e7on de faire \u00e9limine les retards d\u2019installation qui surviennent lorsque le r\u00e9servoir et les composants d\u2019ancrage sont livr\u00e9s \u00e0 diff\u00e9rents moments.<\/p>\t\t\t\t\t\t\t\t<\/div>\n\t\t\t\t<\/div>\n\t\t\t\t<\/div>\n\t\t<div class=\"elementor-element elementor-element-7f920e4d e-con-full e-flex wpr-particle-no wpr-jarallax-no wpr-parallax-no wpr-sticky-section-no e-con e-child\" data-id=\"7f920e4d\" data-element_type=\"container\" data-e-type=\"container\">\n\t\t\t\t<div class=\"elementor-element elementor-element-68888038 elementor-widget elementor-widget-heading\" data-id=\"68888038\" data-element_type=\"widget\" data-e-type=\"widget\" data-widget_type=\"heading.default\">\n\t\t\t\t<div class=\"elementor-widget-container\">\n\t\t\t\t\t<h2 class=\"elementor-heading-title elementor-size-default\">Qu\u2019est-ce que le syst\u00e8me d\u2019ancrage de Xerxes inclut?<\/h2>\t\t\t\t<\/div>\n\t\t\t\t<\/div>\n\t\t\t\t<div class=\"elementor-element elementor-element-35dd084 elementor-widget elementor-widget-text-editor\" data-id=\"35dd084\" data-element_type=\"widget\" data-e-type=\"widget\" data-widget_type=\"text-editor.default\">\n\t\t\t\t<div class=\"elementor-widget-container\">\n\t\t\t\t\t\t\t\t\t<p>Xerxes offre des solutions d\u2019ancrage standards et personnalis\u00e9es pour les r\u00e9servoirs ayant un diam\u00e8tre de 4 \u00e0 12 pieds (1,2 \u00e0 3,7 m).<\/p>\t\t\t\t\t\t\t\t<\/div>\n\t\t\t\t<\/div>\n\t\t\t\t<div class=\"elementor-element elementor-element-2818a628 elementor-widget elementor-widget-text-editor\" data-id=\"2818a628\" data-element_type=\"widget\" data-e-type=\"widget\" data-widget_type=\"text-editor.default\">\n\t\t\t\t<div class=\"elementor-widget-container\">\n\t\t\t\t\t\t\t\t\t<ul>\n<li>Des corps-morts pr\u00e9fabriqu\u00e9s qui respectent les normes de l\u2019American Concrete Institute (ACI)<\/li>\n<li>Des bretelles d\u2019ancrage ou des sangles \u00e0 anneaux en D<\/li>\n<li>Des tendeurs \u00e0 lanterne galvanis\u00e9s et des points d\u2019ancrage ajustables<\/li>\n<\/ul>\t\t\t\t\t\t\t\t<\/div>\n\t\t\t\t<\/div>\n\t\t\t\t<\/div>\n\t\t\t\t\t<\/div>\n\t\t\t\t<\/div>\n\t\t\t\t<\/div>\n\t\t","protected":false},"excerpt":{"rendered":"<p>Les syst\u00e8mes d\u2019ancrage augmentent la stabilit\u00e9 \u00e0 long terme d\u2019un r\u00e9servoir Dans les lieux d\u2019installation contenant de l\u2019eau ou une nappe phr\u00e9atique \u00e9lev\u00e9e, le syst\u00e8me d\u2019ancrage \u00e0 la fine pointe de la technologie de Xerxes permet aux clients de fixer de mani\u00e8re fiable et durable leurs r\u00e9servoirs de carburant. M\u00eame si les conditions du site ne l\u2019exigent pas, de nombreux propri\u00e9taires et installateurs utilisent notre syst\u00e8me pour profiter d\u2019une s\u00e9curit\u00e9 maximale. Les composants d\u2019ancrage mal con\u00e7us, fabriqu\u00e9s ou ajust\u00e9s peuvent compromettre la s\u00e9curit\u00e9 \u00e0 long terme d\u2019une installation. \u00c9conomiser d\u00e8s l\u2019exp\u00e9dition et tout au long du cycle de vie du r\u00e9servoir Les corps-morts pr\u00e9fabriqu\u00e9s sont plus rentables qu\u2019une dalle de b\u00e9ton. De plus, les syst\u00e8mes d\u2019ancrage permettent d\u2019\u00e9conomiser sur les co\u00fbts d\u2019\u00e9nergie et de transport \u00e9tant donn\u00e9 qu\u2019ils peuvent \u00eatre exp\u00e9di\u00e9s dans le m\u00eame camion que le r\u00e9servoir. Cette fa\u00e7on de faire \u00e9limine les retards d\u2019installation qui surviennent lorsque le r\u00e9servoir et les composants d\u2019ancrage sont livr\u00e9s \u00e0 diff\u00e9rents moments. Qu\u2019est-ce que le syst\u00e8me d\u2019ancrage de Xerxes inclut? Xerxes offre des solutions d\u2019ancrage standards et personnalis\u00e9es pour les r\u00e9servoirs ayant un diam\u00e8tre de 4 \u00e0 12 pieds (1,2 \u00e0 3,7 m). Des corps-morts pr\u00e9fabriqu\u00e9s qui respectent les normes de l\u2019American Concrete Institute (ACI) Des bretelles d\u2019ancrage ou des sangles \u00e0 anneaux en D Des tendeurs \u00e0 lanterne galvanis\u00e9s et des points d\u2019ancrage ajustables<\/p>\n","protected":false},"author":2,"featured_media":101674,"parent":0,"menu_order":0,"comment_status":"closed","ping_status":"closed","template":"","meta":{"_acf_changed":false,"pmpro_default_level":"","footnotes":""},"class_list":["post-103740","page","type-page","status-publish","has-post-thumbnail","hentry","pmpro-has-access"],"acf":[],"yoast_head":"<!-- This site is optimized with the Yoast SEO plugin v27.2 - https:\/\/yoast.com\/product\/yoast-seo-wordpress\/ -->\n<title>Syst\u00e8mes d\u2019ancrage - Xerxes Storage Tanks and Stormwater Solutions<\/title>\n<meta name=\"robots\" content=\"index, follow, max-snippet:-1, max-image-preview:large, max-video-preview:-1\" \/>\n<link rel=\"canonical\" href=\"https:\/\/xerxes.com\/fr\/systemes-dancrage\/\" \/>\n<meta property=\"og:locale\" content=\"fr_FR\" \/>\n<meta property=\"og:type\" content=\"article\" \/>\n<meta property=\"og:title\" content=\"Syst\u00e8mes d\u2019ancrage - Xerxes Storage Tanks and Stormwater Solutions\" \/>\n<meta property=\"og:description\" content=\"Les syst\u00e8mes d\u2019ancrage augmentent la stabilit\u00e9 \u00e0 long terme d\u2019un r\u00e9servoir Dans les lieux d\u2019installation contenant de l\u2019eau ou une nappe phr\u00e9atique \u00e9lev\u00e9e, le syst\u00e8me d\u2019ancrage \u00e0 la fine pointe de la technologie de Xerxes permet aux clients de fixer de mani\u00e8re fiable et durable leurs r\u00e9servoirs de carburant. M\u00eame si les conditions du site ne l\u2019exigent pas, de nombreux propri\u00e9taires et installateurs utilisent notre syst\u00e8me pour profiter d\u2019une s\u00e9curit\u00e9 maximale. Les composants d\u2019ancrage mal con\u00e7us, fabriqu\u00e9s ou ajust\u00e9s peuvent compromettre la s\u00e9curit\u00e9 \u00e0 long terme d\u2019une installation. \u00c9conomiser d\u00e8s l\u2019exp\u00e9dition et tout au long du cycle de vie du r\u00e9servoir Les corps-morts pr\u00e9fabriqu\u00e9s sont plus rentables qu\u2019une dalle de b\u00e9ton. De plus, les syst\u00e8mes d\u2019ancrage permettent d\u2019\u00e9conomiser sur les co\u00fbts d\u2019\u00e9nergie et de transport \u00e9tant donn\u00e9 qu\u2019ils peuvent \u00eatre exp\u00e9di\u00e9s dans le m\u00eame camion que le r\u00e9servoir. Cette fa\u00e7on de faire \u00e9limine les retards d\u2019installation qui surviennent lorsque le r\u00e9servoir et les composants d\u2019ancrage sont livr\u00e9s \u00e0 diff\u00e9rents moments. Qu\u2019est-ce que le syst\u00e8me d\u2019ancrage de Xerxes inclut? Xerxes offre des solutions d\u2019ancrage standards et personnalis\u00e9es pour les r\u00e9servoirs ayant un diam\u00e8tre de 4 \u00e0 12 pieds (1,2 \u00e0 3,7 m). Des corps-morts pr\u00e9fabriqu\u00e9s qui respectent les normes de l\u2019American Concrete Institute (ACI) Des bretelles d\u2019ancrage ou des sangles \u00e0 anneaux en D Des tendeurs \u00e0 lanterne galvanis\u00e9s et des points d\u2019ancrage ajustables\" \/>\n<meta property=\"og:url\" content=\"https:\/\/xerxes.com\/fr\/systemes-dancrage\/\" \/>\n<meta property=\"og:site_name\" content=\"Xerxes Storage Tanks and Stormwater Solutions\" \/>\n<meta property=\"article:modified_time\" content=\"2024-11-12T18:45:38+00:00\" \/>\n<meta property=\"og:image\" content=\"https:\/\/xerxes.com\/wp-content\/uploads\/2023\/09\/Xerxes-branded-fuel-anchors.jpg\" \/>\n\t<meta property=\"og:image:width\" content=\"1125\" \/>\n\t<meta property=\"og:image:height\" content=\"450\" \/>\n\t<meta property=\"og:image:type\" content=\"image\/jpeg\" \/>\n<meta name=\"twitter:card\" content=\"summary_large_image\" \/>\n<meta name=\"twitter:label1\" content=\"Dur\u00e9e de lecture estim\u00e9e\" \/>\n\t<meta name=\"twitter:data1\" content=\"2 minutes\" \/>\n<script type=\"application\/ld+json\" class=\"yoast-schema-graph\">{\"@context\":\"https:\/\/schema.org\",\"@graph\":[{\"@type\":\"WebPage\",\"@id\":\"https:\/\/xerxes.com\/fr\/systemes-dancrage\/\",\"url\":\"https:\/\/xerxes.com\/fr\/systemes-dancrage\/\",\"name\":\"Syst\u00e8mes d\u2019ancrage - Xerxes Storage Tanks and Stormwater Solutions\",\"isPartOf\":{\"@id\":\"https:\/\/xerxes.com\/#website\"},\"primaryImageOfPage\":{\"@id\":\"https:\/\/xerxes.com\/fr\/systemes-dancrage\/#primaryimage\"},\"image\":{\"@id\":\"https:\/\/xerxes.com\/fr\/systemes-dancrage\/#primaryimage\"},\"thumbnailUrl\":\"https:\/\/xerxes.com\/wp-content\/uploads\/2023\/09\/Xerxes-branded-fuel-anchors.jpg\",\"datePublished\":\"2024-11-12T18:42:52+00:00\",\"dateModified\":\"2024-11-12T18:45:38+00:00\",\"breadcrumb\":{\"@id\":\"https:\/\/xerxes.com\/fr\/systemes-dancrage\/#breadcrumb\"},\"inLanguage\":\"fr-FR\",\"potentialAction\":[{\"@type\":\"ReadAction\",\"target\":[\"https:\/\/xerxes.com\/fr\/systemes-dancrage\/\"]}]},{\"@type\":\"ImageObject\",\"inLanguage\":\"fr-FR\",\"@id\":\"https:\/\/xerxes.com\/fr\/systemes-dancrage\/#primaryimage\",\"url\":\"https:\/\/xerxes.com\/wp-content\/uploads\/2023\/09\/Xerxes-branded-fuel-anchors.jpg\",\"contentUrl\":\"https:\/\/xerxes.com\/wp-content\/uploads\/2023\/09\/Xerxes-branded-fuel-anchors.jpg\",\"width\":1125,\"height\":450},{\"@type\":\"BreadcrumbList\",\"@id\":\"https:\/\/xerxes.com\/fr\/systemes-dancrage\/#breadcrumb\",\"itemListElement\":[{\"@type\":\"ListItem\",\"position\":1,\"name\":\"Home\",\"item\":\"https:\/\/xerxes.com\/\"},{\"@type\":\"ListItem\",\"position\":2,\"name\":\"Syst\u00e8mes d\u2019ancrage\"}]},{\"@type\":\"WebSite\",\"@id\":\"https:\/\/xerxes.com\/#website\",\"url\":\"https:\/\/xerxes.com\/\",\"name\":\"Xerxes Storage Tanks and Stormwater Solutions\",\"description\":\"Xerxes provides fiberglass underground storage tanks to customers ranging from major oil companies to international convenience store chains, from medical centers to educational facilities, from airports to national parks.\",\"potentialAction\":[{\"@type\":\"SearchAction\",\"target\":{\"@type\":\"EntryPoint\",\"urlTemplate\":\"https:\/\/xerxes.com\/?s={search_term_string}\"},\"query-input\":{\"@type\":\"PropertyValueSpecification\",\"valueRequired\":true,\"valueName\":\"search_term_string\"}}],\"inLanguage\":\"fr-FR\"}]}<\/script>\n<!-- \/ Yoast SEO plugin. -->","yoast_head_json":{"title":"Syst\u00e8mes d\u2019ancrage - Xerxes Storage Tanks and Stormwater Solutions","robots":{"index":"index","follow":"follow","max-snippet":"max-snippet:-1","max-image-preview":"max-image-preview:large","max-video-preview":"max-video-preview:-1"},"canonical":"https:\/\/xerxes.com\/fr\/systemes-dancrage\/","og_locale":"fr_FR","og_type":"article","og_title":"Syst\u00e8mes d\u2019ancrage - Xerxes Storage Tanks and Stormwater Solutions","og_description":"Les syst\u00e8mes d\u2019ancrage augmentent la stabilit\u00e9 \u00e0 long terme d\u2019un r\u00e9servoir Dans les lieux d\u2019installation contenant de l\u2019eau ou une nappe phr\u00e9atique \u00e9lev\u00e9e, le syst\u00e8me d\u2019ancrage \u00e0 la fine pointe de la technologie de Xerxes permet aux clients de fixer de mani\u00e8re fiable et durable leurs r\u00e9servoirs de carburant. M\u00eame si les conditions du site ne l\u2019exigent pas, de nombreux propri\u00e9taires et installateurs utilisent notre syst\u00e8me pour profiter d\u2019une s\u00e9curit\u00e9 maximale. Les composants d\u2019ancrage mal con\u00e7us, fabriqu\u00e9s ou ajust\u00e9s peuvent compromettre la s\u00e9curit\u00e9 \u00e0 long terme d\u2019une installation. \u00c9conomiser d\u00e8s l\u2019exp\u00e9dition et tout au long du cycle de vie du r\u00e9servoir Les corps-morts pr\u00e9fabriqu\u00e9s sont plus rentables qu\u2019une dalle de b\u00e9ton. De plus, les syst\u00e8mes d\u2019ancrage permettent d\u2019\u00e9conomiser sur les co\u00fbts d\u2019\u00e9nergie et de transport \u00e9tant donn\u00e9 qu\u2019ils peuvent \u00eatre exp\u00e9di\u00e9s dans le m\u00eame camion que le r\u00e9servoir. Cette fa\u00e7on de faire \u00e9limine les retards d\u2019installation qui surviennent lorsque le r\u00e9servoir et les composants d\u2019ancrage sont livr\u00e9s \u00e0 diff\u00e9rents moments. Qu\u2019est-ce que le syst\u00e8me d\u2019ancrage de Xerxes inclut? Xerxes offre des solutions d\u2019ancrage standards et personnalis\u00e9es pour les r\u00e9servoirs ayant un diam\u00e8tre de 4 \u00e0 12 pieds (1,2 \u00e0 3,7 m). Des corps-morts pr\u00e9fabriqu\u00e9s qui respectent les normes de l\u2019American Concrete Institute (ACI) Des bretelles d\u2019ancrage ou des sangles \u00e0 anneaux en D Des tendeurs \u00e0 lanterne galvanis\u00e9s et des points d\u2019ancrage ajustables","og_url":"https:\/\/xerxes.com\/fr\/systemes-dancrage\/","og_site_name":"Xerxes Storage Tanks and Stormwater Solutions","article_modified_time":"2024-11-12T18:45:38+00:00","og_image":[{"width":1125,"height":450,"url":"https:\/\/xerxes.com\/wp-content\/uploads\/2023\/09\/Xerxes-branded-fuel-anchors.jpg","type":"image\/jpeg"}],"twitter_card":"summary_large_image","twitter_misc":{"Dur\u00e9e de lecture estim\u00e9e":"2 minutes"},"schema":{"@context":"https:\/\/schema.org","@graph":[{"@type":"WebPage","@id":"https:\/\/xerxes.com\/fr\/systemes-dancrage\/","url":"https:\/\/xerxes.com\/fr\/systemes-dancrage\/","name":"Syst\u00e8mes d\u2019ancrage - Xerxes Storage Tanks and Stormwater Solutions","isPartOf":{"@id":"https:\/\/xerxes.com\/#website"},"primaryImageOfPage":{"@id":"https:\/\/xerxes.com\/fr\/systemes-dancrage\/#primaryimage"},"image":{"@id":"https:\/\/xerxes.com\/fr\/systemes-dancrage\/#primaryimage"},"thumbnailUrl":"https:\/\/xerxes.com\/wp-content\/uploads\/2023\/09\/Xerxes-branded-fuel-anchors.jpg","datePublished":"2024-11-12T18:42:52+00:00","dateModified":"2024-11-12T18:45:38+00:00","breadcrumb":{"@id":"https:\/\/xerxes.com\/fr\/systemes-dancrage\/#breadcrumb"},"inLanguage":"fr-FR","potentialAction":[{"@type":"ReadAction","target":["https:\/\/xerxes.com\/fr\/systemes-dancrage\/"]}]},{"@type":"ImageObject","inLanguage":"fr-FR","@id":"https:\/\/xerxes.com\/fr\/systemes-dancrage\/#primaryimage","url":"https:\/\/xerxes.com\/wp-content\/uploads\/2023\/09\/Xerxes-branded-fuel-anchors.jpg","contentUrl":"https:\/\/xerxes.com\/wp-content\/uploads\/2023\/09\/Xerxes-branded-fuel-anchors.jpg","width":1125,"height":450},{"@type":"BreadcrumbList","@id":"https:\/\/xerxes.com\/fr\/systemes-dancrage\/#breadcrumb","itemListElement":[{"@type":"ListItem","position":1,"name":"Home","item":"https:\/\/xerxes.com\/"},{"@type":"ListItem","position":2,"name":"Syst\u00e8mes d\u2019ancrage"}]},{"@type":"WebSite","@id":"https:\/\/xerxes.com\/#website","url":"https:\/\/xerxes.com\/","name":"Xerxes Storage Tanks and Stormwater Solutions","description":"Xerxes provides fiberglass underground storage tanks to customers ranging from major oil companies to international convenience store chains, from medical centers to educational facilities, from airports to national parks.","potentialAction":[{"@type":"SearchAction","target":{"@type":"EntryPoint","urlTemplate":"https:\/\/xerxes.com\/?s={search_term_string}"},"query-input":{"@type":"PropertyValueSpecification","valueRequired":true,"valueName":"search_term_string"}}],"inLanguage":"fr-FR"}]}},"_links":{"self":[{"href":"https:\/\/xerxes.com\/fr\/wp-json\/wp\/v2\/pages\/103740","targetHints":{"allow":["GET"]}}],"collection":[{"href":"https:\/\/xerxes.com\/fr\/wp-json\/wp\/v2\/pages"}],"about":[{"href":"https:\/\/xerxes.com\/fr\/wp-json\/wp\/v2\/types\/page"}],"author":[{"embeddable":true,"href":"https:\/\/xerxes.com\/fr\/wp-json\/wp\/v2\/users\/2"}],"replies":[{"embeddable":true,"href":"https:\/\/xerxes.com\/fr\/wp-json\/wp\/v2\/comments?post=103740"}],"version-history":[{"count":3,"href":"https:\/\/xerxes.com\/fr\/wp-json\/wp\/v2\/pages\/103740\/revisions"}],"predecessor-version":[{"id":103744,"href":"https:\/\/xerxes.com\/fr\/wp-json\/wp\/v2\/pages\/103740\/revisions\/103744"}],"wp:featuredmedia":[{"embeddable":true,"href":"https:\/\/xerxes.com\/fr\/wp-json\/wp\/v2\/media\/101674"}],"wp:attachment":[{"href":"https:\/\/xerxes.com\/fr\/wp-json\/wp\/v2\/media?parent=103740"}],"curies":[{"name":"wp","href":"https:\/\/api.w.org\/{rel}","templated":true}]}}